{"id":380,"date":"2021-09-24T20:00:01","date_gmt":"2021-09-25T01:00:01","guid":{"rendered":"https:\/\/arquitecturasolorzano.mx\/servicios\/?page_id=380"},"modified":"2021-11-22T15:04:54","modified_gmt":"2021-11-22T21:04:54","slug":"recorrido-virtual-para-vender-tu-proyecto-inmobiliario","status":"publish","type":"page","link":"https:\/\/arquitecturasolorzano.mx\/servicios\/recorrido-virtual-para-vender-tu-proyecto-inmobiliario\/","title":{"rendered":"Recorrido virtual para vender tu proyecto inmobiliario"},"content":{"rendered":"\n<div class=\"wp-block-group alignfull frase-plano has-background-color has-text-color has-background\" style=\"background-color:#996666\"><div class=\"wp-block-group__inner-container is-layout-flow wp-block-group-is-layout-flow\">\n<div class=\"wp-block-group\"><div class=\"wp-block-group__inner-container is-layout-flow wp-block-group-is-layout-flow\">\n<h1 class=\"has-text-align-center wp-block-heading\" id=\"el-nuevo-marketing-digital-para-vender-tu-proyecto-inmobiliario\">\u00a1El Nuevo Marketing Digital para Vender tu Proyecto Inmobiliario! <\/h1>\n<\/div><\/div>\n<\/div><\/div>\n\n\n\n<h2 class=\"wp-block-heading\" id=\"que-es-un-recorrido-virtual\"><strong>Que es un recorrido virtual<\/strong>?<\/h2>\n\n\n\n<p class=\"has-text-align-left wp-block-paragraph\" style=\"font-size:25px\"><strong>Es una recreaci\u00f3n de un espacio completamente virtual sobre el que puedes desplazarte e interactuar para conocer y recorrer diferentes espacios. Perfecto para dar a conocer los espacios de tu proyecto inmobiliario en preventa.<\/strong><\/p>\n\n\n\n<figure class=\"wp-block-embed is-type-video is-provider-youtube wp-block-embed-youtube wp-embed-aspect-16-9 wp-has-aspect-ratio\"><div class=\"wp-block-embed__wrapper\">\n<iframe loading=\"lazy\" title=\"Departamentos Peque\u00f1os | Home Senior Apartments 20x25\" width=\"580\" height=\"326\" src=\"https:\/\/www.youtube.com\/embed\/8234y9bIdAo?feature=oembed\" frameborder=\"0\" allow=\"accelerometer; autoplay; clipboard-write; encrypted-media; gyroscope; picture-in-picture; web-share\" referrerpolicy=\"strict-origin-when-cross-origin\" allowfullscreen><\/iframe>\n<\/div><\/figure>\n\n\n\n<p class=\"has-text-align-center wp-block-paragraph\" style=\"font-size:42px\">\ud83d\ude44\ud83d\ude2e<\/p>\n\n\n\n<p class=\"has-text-align-left wp-block-paragraph\" style=\"font-size:25px\"><strong>En este video te muestro una de los increibles resultados inmersivos para dar a conocer tus espacios<\/strong><\/p>\n\n\n\n<p class=\"has-text-align-left wp-block-paragraph\" style=\"font-size:25px\"><strong><strong>\u00bfDeseas tener una atenci\u00f3n individual?<\/strong><\/strong><\/p>\n\n\n\n<p class=\"wp-block-paragraph\" style=\"font-size:25px\"><strong>P\u00f3ngase en contacto con nosotros antes de realizar su cita, quiero discutir su proyecto inmobiliario y el tiempo de finalizaci\u00f3n con anticipaci\u00f3n.&nbsp;<\/strong><\/p>\n\n\n\n<p class=\"wp-block-paragraph\"><\/p>\n\n\n\n<figure class=\"wp-block-table is-style-stripes\"><table><tbody><tr><td>PLANES<br><br><\/td><td><strong>BASIC<\/strong><\/td><td><strong>ESTANDAR<\/strong><\/td><td><strong>PLUS<\/strong><\/td><td><strong>PRIMA<\/strong><\/td><\/tr><tr><td><\/td><td>\u25ba 0 &#8211; 150 M<sup>2<\/sup><br>Metros cuadrados<\/td><td>\u25ba 150 &#8211; 300 M<sup>2<\/sup><br>Metros cuadrados <\/td><td>\u25ba 300 &#8211; 500 M<sup>2<\/sup> <br>Metros cuadrados<\/td><td>\u25ba 500 &#8211; 1,000 M<sup>2<\/sup><br>Metros cuadrados<\/td><\/tr><tr><td>Revisiones<\/td><td>Ilimitado<\/td><td>Ilimitado<\/td><td>Ilimitado<\/td><td>Ilimitado<\/td><\/tr><tr><td>Tiempo de entrega<\/td><td>3 semana<\/td><td>5 semana<\/td><td>12 semanas<\/td><td>15 semanas<\/td><\/tr><tr><td><strong>Pagos<\/strong><\/td><td><strong>Hasta 2 pagos<\/strong><\/td><td><strong>Hasta 2 pagos<\/strong><\/td><td><strong>Hasta 2 pagos<\/strong><\/td><td><strong>Hasta 2 pagos<\/strong><\/td><\/tr><tr><td>Precio Anterior<\/td><td><s>$ 781.99 USD<\/s><\/td><td><s>$ 1,273.99 USD<\/s><\/td><td><s>$ 1,594.99 USD<\/s><\/td><td><s>$ 2,572.49 USD<\/s><\/td><\/tr><tr><td><strong>Precio<\/strong><\/td><td><strong>679.99 USD<\/strong><\/td><td><strong>979.99   USD<\/strong><\/td><td><strong>1,449.99 USD <\/strong><\/td><td><strong>2,449.99 USD <\/strong><\/td><\/tr><tr><td>Ahorras<\/td><td>$102.00 (15%)<\/td><td>$294.00 (30%)<\/td><td>$145.00 (10%)<\/td><td>$122.50.00 (5%)<\/td><\/tr><\/tbody><\/table><figcaption>*Los recorridos tienen un costo de hosting de $14.99 USD mensuales mientras se mantenga en l\u00ednea<br><br>*Los entregables consiste en dos partes: <br>1 &#8211; Link de aceso directo al recorrido paracompartirlo via correo, WhatsApp, y Redes Sociales<br>2 &#8211; Codigo HTML para incrustar el recorrido en la pagina web de su empresa, pagina ventas etc.<\/figcaption><\/figure>\n\n\n\n<p class=\"wp-block-paragraph\"><\/p>\n\n\n\n<p class=\"wp-block-paragraph\" style=\"font-size:25px\"><strong>Has encontrado a las personas adecuadas. Todo ser\u00e1 para poder ayudarte de la mejor forma.<\/strong><\/p>\n\n\n\n<p class=\"has-text-align-center wp-block-paragraph\" style=\"font-size:25px\"><strong>Da click aqui <\/strong><\/p>\n\n\n\n<p class=\"has-text-align-center wp-block-paragraph\" style=\"font-size:25px\"><strong>\ud83d\udc47<\/strong><\/p>\n\n\n\n<div class=\"wp-block-buttons is-horizontal is-content-justification-center is-layout-flex wp-container-core-buttons-is-layout-7d812b4c wp-block-buttons-is-layout-flex\">\n<div class=\"wp-block-button\"><a class=\"wp-block-button__link has-background-color has-text-color has-background\" href=\"https:\/\/form.jotform.com\/212668020650853\" style=\"border-radius:30px;background-color:#996666\" target=\"_blank\" rel=\"noreferrer noopener\">\u00a1QUIERO MI recorrido virtual AQUI!<\/a><\/div>\n<\/div>\n\n\n\n<div class=\"wp-block-group\"><div class=\"wp-block-group__inner-container is-layout-flow wp-block-group-is-layout-flow\">\n<p class=\"has-text-align-center wp-block-paragraph\" style=\"font-size:25px\"><strong>\u00a1Hay 36 personas interesadas!<br>Contacta al anunciante ahora.<\/strong><\/p>\n\n\n\n<p class=\"has-text-align-center wp-block-paragraph\" style=\"font-size:25px\"><strong>Mensajes r\u00e1pidos&nbsp;<\/strong><\/p>\n\n\n\n<div class=\"wp-block-buttons is-horizontal is-content-justification-center is-layout-flex wp-container-core-buttons-is-layout-7d812b4c wp-block-buttons-is-layout-flex\">\n<div class=\"wp-block-button\"><a class=\"wp-block-button__link has-background\" href=\"https:\/\/api.whatsapp.com\/send?phone=5213311662682&amp;text=%C2%A1Hola!%20Me%20interesa%20recorrido%20virtual%20para%20mi%20proyecto%20inmobiliario\" style=\"border-radius:50px;background-color:#00cc66\" target=\"_blank\" rel=\"noreferrer noopener\">\u00a1Escr\u00edbenos&nbsp;por WhatsApp ahora!&nbsp;<\/a><\/div>\n<\/div>\n<\/div><\/div>\n\n\n\n<p class=\"has-text-align-center has-small-font-size wp-block-paragraph\">&nbsp;<\/p>\n\n\n\n<div class=\"wp-block-group alignfull frase-plano has-background-color has-text-color has-background\" style=\"background-color:#565656\"><div class=\"wp-block-group__inner-container is-layout-flow wp-block-group-is-layout-flow\">\n<h1 class=\"has-text-align-left has-larger-font-size wp-block-heading\" id=\"como-te-ayudamos-con-tu-proyecto-inmobiliario-y-producir-el-recorrido-virtual\"><strong>\u00bfComo te ayudamos con tu proyecto inmobiliario y producir el recorrido virtual?<\/strong>&nbsp;<\/h1>\n\n\n\n<p class=\"wp-block-paragraph\" style=\"font-size:30px\"><strong>F\u00e1cil \ud83d\ude03<\/strong><\/p>\n\n\n\n<p class=\"wp-block-paragraph\"><strong>1- Evaluaremos las necesidades especificas de tu proyecto y presentaremos una propuesta fechas de entregas programadas<\/strong><\/p>\n\n\n\n<p class=\"wp-block-paragraph\"><strong>2- Desarrollaremos un modelo 3D en base a los planos y documentos entregados.<\/strong> <strong>Se har\u00e1 una revision de dise\u00f1o para realizar adecuaciones necesarias.<\/strong><\/p>\n\n\n\n<p class=\"wp-block-paragraph\"><strong>3- Se aplicaran materiales fotorrealistas a los elementos arquitect\u00f3nicos. Se har\u00e1 una segunda revision para validar los acabados.<\/strong><\/p>\n\n\n\n<p class=\"wp-block-paragraph\"><strong>4- Las escenas se complementan con mobiliario de alta calidad y detalles. Se entregar\u00e1n las im\u00e1genes finales en m\u00e1xima resoluci\u00f3n para su uso en medios digitales e impresos.<\/strong><\/p>\n<\/div><\/div>\n","protected":false},"excerpt":{"rendered":"<p>\u00a1El Nuevo Marketing Digital para Vender tu Proyecto Inmobiliario! Que es un recorrido virtual? Es una recreaci\u00f3n de un espacio completamente virtual sobre el que puedes desplazarte e interactuar para conocer y recorrer diferentes espacios. Perfecto para dar a conocer los espacios de tu proyecto inmobiliario en preventa. \ud83d\ude44\ud83d\ude2e En este video te muestro una [&hellip;]<\/p>\n","protected":false},"author":3,"featured_media":402,"parent":0,"menu_order":0,"comment_status":"closed","ping_status":"closed","template":"","meta":{"_crdt_document":"","footnotes":""},"class_list":["post-380","page","type-page","status-publish","has-post-thumbnail","hentry"],"yoast_head":"<!-- This site is optimized with the Yoast SEO plugin v27.6 - https:\/\/yoast.com\/product\/yoast-seo-wordpress\/ -->\n<title>\u25ba Recorrido virtual para vender tu proyecto inmobiliario - HERMA Arquitectos<\/title>\n<meta name=\"description\" content=\"\u00a1El Nuevo Marketing Digital para Vender tu Proyecto Inmobiliario! Que es un recorrido virtual? Es una recreaci\u00f3n de un espacio completamente virtual sobre\" \/>\n<meta name=\"robots\" content=\"index, follow, max-snippet:-1, max-image-preview:large, max-video-preview:-1\" \/>\n<link rel=\"canonical\" href=\"https:\/\/arquitecturasolorzano.mx\/servicios\/recorrido-virtual-para-vender-tu-proyecto-inmobiliario\/\" \/>\n<meta property=\"og:locale\" content=\"es_ES\" \/>\n<meta property=\"og:type\" content=\"article\" \/>\n<meta property=\"og:title\" content=\"Recorrido virtual para vender tu proyecto inmobiliario - HERMA Arquitectos\" \/>\n<meta property=\"og:description\" content=\"\u00a1El Nuevo Marketing Digital para Vender tu Proyecto Inmobiliario! Que es un recorrido virtual? Es una recreaci\u00f3n de un espacio completamente virtual sobre\" \/>\n<meta property=\"og:url\" content=\"https:\/\/arquitecturasolorzano.mx\/servicios\/recorrido-virtual-para-vender-tu-proyecto-inmobiliario\/\" \/>\n<meta property=\"og:site_name\" content=\"Planos\" \/>\n<meta property=\"article:modified_time\" content=\"2021-11-22T21:04:54+00:00\" \/>\n<meta property=\"og:image\" content=\"https:\/\/arquitecturasolorzano.mx\/servicios\/wp-content\/uploads\/2021\/09\/recorrido-virtual-para-vender-tu-proyecto-inmobiliario.jpg\" \/>\n\t<meta property=\"og:image:width\" content=\"1280\" \/>\n\t<meta property=\"og:image:height\" content=\"396\" \/>\n\t<meta property=\"og:image:type\" content=\"image\/jpeg\" \/>\n<meta name=\"twitter:card\" content=\"summary_large_image\" \/>\n<meta name=\"twitter:label1\" content=\"Tiempo de lectura\" \/>\n\t<meta name=\"twitter:data1\" content=\"2 minutos\" \/>\n<script type=\"application\/ld+json\" class=\"yoast-schema-graph\">{\"@context\":\"https:\\\/\\\/schema.org\",\"@graph\":[{\"@type\":\"WebPage\",\"@id\":\"https:\\\/\\\/arquitecturasolorzano.mx\\\/servicios\\\/recorrido-virtual-para-vender-tu-proyecto-inmobiliario\\\/\",\"url\":\"https:\\\/\\\/arquitecturasolorzano.mx\\\/servicios\\\/recorrido-virtual-para-vender-tu-proyecto-inmobiliario\\\/\",\"name\":\"\u25ba Recorrido virtual para vender tu proyecto inmobiliario - HERMA Arquitectos\",\"isPartOf\":{\"@id\":\"https:\\\/\\\/arquitecturasolorzano.mx\\\/servicios\\\/#website\"},\"primaryImageOfPage\":{\"@id\":\"https:\\\/\\\/arquitecturasolorzano.mx\\\/servicios\\\/recorrido-virtual-para-vender-tu-proyecto-inmobiliario\\\/#primaryimage\"},\"image\":{\"@id\":\"https:\\\/\\\/arquitecturasolorzano.mx\\\/servicios\\\/recorrido-virtual-para-vender-tu-proyecto-inmobiliario\\\/#primaryimage\"},\"thumbnailUrl\":\"https:\\\/\\\/arquitecturasolorzano.mx\\\/servicios\\\/wp-content\\\/uploads\\\/2021\\\/09\\\/recorrido-virtual-para-vender-tu-proyecto-inmobiliario.jpg\",\"datePublished\":\"2021-09-25T01:00:01+00:00\",\"dateModified\":\"2021-11-22T21:04:54+00:00\",\"description\":\"\u00a1El Nuevo Marketing Digital para Vender tu Proyecto Inmobiliario! Que es un recorrido virtual? Es una recreaci\u00f3n de un espacio completamente virtual sobre\",\"breadcrumb\":{\"@id\":\"https:\\\/\\\/arquitecturasolorzano.mx\\\/servicios\\\/recorrido-virtual-para-vender-tu-proyecto-inmobiliario\\\/#breadcrumb\"},\"inLanguage\":\"es\",\"potentialAction\":[{\"@type\":\"ReadAction\",\"target\":[\"https:\\\/\\\/arquitecturasolorzano.mx\\\/servicios\\\/recorrido-virtual-para-vender-tu-proyecto-inmobiliario\\\/\"]}]},{\"@type\":\"ImageObject\",\"inLanguage\":\"es\",\"@id\":\"https:\\\/\\\/arquitecturasolorzano.mx\\\/servicios\\\/recorrido-virtual-para-vender-tu-proyecto-inmobiliario\\\/#primaryimage\",\"url\":\"https:\\\/\\\/arquitecturasolorzano.mx\\\/servicios\\\/wp-content\\\/uploads\\\/2021\\\/09\\\/recorrido-virtual-para-vender-tu-proyecto-inmobiliario.jpg\",\"contentUrl\":\"https:\\\/\\\/arquitecturasolorzano.mx\\\/servicios\\\/wp-content\\\/uploads\\\/2021\\\/09\\\/recorrido-virtual-para-vender-tu-proyecto-inmobiliario.jpg\",\"width\":1280,\"height\":396},{\"@type\":\"BreadcrumbList\",\"@id\":\"https:\\\/\\\/arquitecturasolorzano.mx\\\/servicios\\\/recorrido-virtual-para-vender-tu-proyecto-inmobiliario\\\/#breadcrumb\",\"itemListElement\":[{\"@type\":\"ListItem\",\"position\":1,\"name\":\"Portada\",\"item\":\"https:\\\/\\\/arquitecturasolorzano.mx\\\/servicios\\\/\"},{\"@type\":\"ListItem\",\"position\":2,\"name\":\"Recorrido virtual para vender tu proyecto inmobiliario\"}]},{\"@type\":\"WebSite\",\"@id\":\"https:\\\/\\\/arquitecturasolorzano.mx\\\/servicios\\\/#website\",\"url\":\"https:\\\/\\\/arquitecturasolorzano.mx\\\/servicios\\\/\",\"name\":\"Planos\",\"description\":\"Los planos que hab\u00edas estando esperando\",\"potentialAction\":[{\"@type\":\"SearchAction\",\"target\":{\"@type\":\"EntryPoint\",\"urlTemplate\":\"https:\\\/\\\/arquitecturasolorzano.mx\\\/servicios\\\/?s={search_term_string}\"},\"query-input\":{\"@type\":\"PropertyValueSpecification\",\"valueRequired\":true,\"valueName\":\"search_term_string\"}}],\"inLanguage\":\"es\"}]}<\/script>\n<!-- \/ Yoast SEO plugin. -->","yoast_head_json":{"title":"\u25ba Recorrido virtual para vender tu proyecto inmobiliario - HERMA Arquitectos","description":"\u00a1El Nuevo Marketing Digital para Vender tu Proyecto Inmobiliario! Que es un recorrido virtual? Es una recreaci\u00f3n de un espacio completamente virtual sobre","robots":{"index":"index","follow":"follow","max-snippet":"max-snippet:-1","max-image-preview":"max-image-preview:large","max-video-preview":"max-video-preview:-1"},"canonical":"https:\/\/arquitecturasolorzano.mx\/servicios\/recorrido-virtual-para-vender-tu-proyecto-inmobiliario\/","og_locale":"es_ES","og_type":"article","og_title":"Recorrido virtual para vender tu proyecto inmobiliario - HERMA Arquitectos","og_description":"\u00a1El Nuevo Marketing Digital para Vender tu Proyecto Inmobiliario! Que es un recorrido virtual? Es una recreaci\u00f3n de un espacio completamente virtual sobre","og_url":"https:\/\/arquitecturasolorzano.mx\/servicios\/recorrido-virtual-para-vender-tu-proyecto-inmobiliario\/","og_site_name":"Planos","article_modified_time":"2021-11-22T21:04:54+00:00","og_image":[{"width":1280,"height":396,"url":"https:\/\/arquitecturasolorzano.mx\/servicios\/wp-content\/uploads\/2021\/09\/recorrido-virtual-para-vender-tu-proyecto-inmobiliario.jpg","type":"image\/jpeg"}],"twitter_card":"summary_large_image","twitter_misc":{"Tiempo de lectura":"2 minutos"},"schema":{"@context":"https:\/\/schema.org","@graph":[{"@type":"WebPage","@id":"https:\/\/arquitecturasolorzano.mx\/servicios\/recorrido-virtual-para-vender-tu-proyecto-inmobiliario\/","url":"https:\/\/arquitecturasolorzano.mx\/servicios\/recorrido-virtual-para-vender-tu-proyecto-inmobiliario\/","name":"\u25ba Recorrido virtual para vender tu proyecto inmobiliario - HERMA Arquitectos","isPartOf":{"@id":"https:\/\/arquitecturasolorzano.mx\/servicios\/#website"},"primaryImageOfPage":{"@id":"https:\/\/arquitecturasolorzano.mx\/servicios\/recorrido-virtual-para-vender-tu-proyecto-inmobiliario\/#primaryimage"},"image":{"@id":"https:\/\/arquitecturasolorzano.mx\/servicios\/recorrido-virtual-para-vender-tu-proyecto-inmobiliario\/#primaryimage"},"thumbnailUrl":"https:\/\/arquitecturasolorzano.mx\/servicios\/wp-content\/uploads\/2021\/09\/recorrido-virtual-para-vender-tu-proyecto-inmobiliario.jpg","datePublished":"2021-09-25T01:00:01+00:00","dateModified":"2021-11-22T21:04:54+00:00","description":"\u00a1El Nuevo Marketing Digital para Vender tu Proyecto Inmobiliario! Que es un recorrido virtual? Es una recreaci\u00f3n de un espacio completamente virtual sobre","breadcrumb":{"@id":"https:\/\/arquitecturasolorzano.mx\/servicios\/recorrido-virtual-para-vender-tu-proyecto-inmobiliario\/#breadcrumb"},"inLanguage":"es","potentialAction":[{"@type":"ReadAction","target":["https:\/\/arquitecturasolorzano.mx\/servicios\/recorrido-virtual-para-vender-tu-proyecto-inmobiliario\/"]}]},{"@type":"ImageObject","inLanguage":"es","@id":"https:\/\/arquitecturasolorzano.mx\/servicios\/recorrido-virtual-para-vender-tu-proyecto-inmobiliario\/#primaryimage","url":"https:\/\/arquitecturasolorzano.mx\/servicios\/wp-content\/uploads\/2021\/09\/recorrido-virtual-para-vender-tu-proyecto-inmobiliario.jpg","contentUrl":"https:\/\/arquitecturasolorzano.mx\/servicios\/wp-content\/uploads\/2021\/09\/recorrido-virtual-para-vender-tu-proyecto-inmobiliario.jpg","width":1280,"height":396},{"@type":"BreadcrumbList","@id":"https:\/\/arquitecturasolorzano.mx\/servicios\/recorrido-virtual-para-vender-tu-proyecto-inmobiliario\/#breadcrumb","itemListElement":[{"@type":"ListItem","position":1,"name":"Portada","item":"https:\/\/arquitecturasolorzano.mx\/servicios\/"},{"@type":"ListItem","position":2,"name":"Recorrido virtual para vender tu proyecto inmobiliario"}]},{"@type":"WebSite","@id":"https:\/\/arquitecturasolorzano.mx\/servicios\/#website","url":"https:\/\/arquitecturasolorzano.mx\/servicios\/","name":"Planos","description":"Los planos que hab\u00edas estando esperando","potentialAction":[{"@type":"SearchAction","target":{"@type":"EntryPoint","urlTemplate":"https:\/\/arquitecturasolorzano.mx\/servicios\/?s={search_term_string}"},"query-input":{"@type":"PropertyValueSpecification","valueRequired":true,"valueName":"search_term_string"}}],"inLanguage":"es"}]}},"_links":{"self":[{"href":"https:\/\/arquitecturasolorzano.mx\/servicios\/wp-json\/wp\/v2\/pages\/380","targetHints":{"allow":["GET"]}}],"collection":[{"href":"https:\/\/arquitecturasolorzano.mx\/servicios\/wp-json\/wp\/v2\/pages"}],"about":[{"href":"https:\/\/arquitecturasolorzano.mx\/servicios\/wp-json\/wp\/v2\/types\/page"}],"author":[{"embeddable":true,"href":"https:\/\/arquitecturasolorzano.mx\/servicios\/wp-json\/wp\/v2\/users\/3"}],"replies":[{"embeddable":true,"href":"https:\/\/arquitecturasolorzano.mx\/servicios\/wp-json\/wp\/v2\/comments?post=380"}],"version-history":[{"count":5,"href":"https:\/\/arquitecturasolorzano.mx\/servicios\/wp-json\/wp\/v2\/pages\/380\/revisions"}],"predecessor-version":[{"id":419,"href":"https:\/\/arquitecturasolorzano.mx\/servicios\/wp-json\/wp\/v2\/pages\/380\/revisions\/419"}],"wp:featuredmedia":[{"embeddable":true,"href":"https:\/\/arquitecturasolorzano.mx\/servicios\/wp-json\/wp\/v2\/media\/402"}],"wp:attachment":[{"href":"https:\/\/arquitecturasolorzano.mx\/servicios\/wp-json\/wp\/v2\/media?parent=380"}],"curies":[{"name":"wp","href":"https:\/\/api.w.org\/{rel}","templated":true}]}}