{"id":166,"date":"2020-07-26T16:57:53","date_gmt":"2020-07-26T21:57:53","guid":{"rendered":"https:\/\/arquitecturasolorzano.mx\/servicios\/?page_id=166"},"modified":"2021-11-22T15:00:07","modified_gmt":"2021-11-22T21:00:07","slug":"planos-de-casas-constructoras-en-guadalajara","status":"publish","type":"page","link":"https:\/\/arquitecturasolorzano.mx\/servicios\/planos-de-casas-constructoras-en-guadalajara\/","title":{"rendered":"Dise\u00f1o de Casas Modernas con Planos en Guadalajara"},"content":{"rendered":"\n<div class=\"wp-block-group alignfull frase-plano has-background-color has-text-color has-background\" style=\"background-color:#996666\"><div class=\"wp-block-group__inner-container is-layout-flow wp-block-group-is-layout-flow\">\n<div class=\"wp-block-group\"><div class=\"wp-block-group__inner-container is-layout-flow wp-block-group-is-layout-flow\">\n<h1 class=\"has-text-align-center wp-block-heading\" id=\"mejores-disenos-para-tu-casa-moderna-y-ecologica-a-tu-medida\">\u00a1Mejores Dise\u00f1os para tu  Casa Moderna y ecol\u00f3gica a tu Medida! <\/h1>\n<\/div><\/div>\n\n\n\n<p class=\"wp-block-paragraph\"><\/p>\n<\/div><\/div>\n\n\n\n<p class=\"wp-block-paragraph\"><\/p>\n\n\n\n<p class=\"has-text-align-left wp-block-paragraph\" style=\"font-size:25px\"><br><strong>\u00bfDeseas tener una atenci\u00f3n individual?<\/strong> <strong>Bienvenido, buscas un modelo arquitect\u00f3nico, dise\u00f1o de interiores, planos de casa, remodelaciones o recorrido en video \u2026<\/strong><\/p>\n\n\n\n<figure class=\"wp-block-embed is-type-video is-provider-youtube wp-block-embed-youtube wp-embed-aspect-16-9 wp-has-aspect-ratio\"><div class=\"wp-block-embed__wrapper\">\n<iframe loading=\"lazy\" title=\"Casa con optima distribucion Queretaro | Home Beautiful houses 13x21\" width=\"580\" height=\"326\" src=\"https:\/\/www.youtube.com\/embed\/HkM34lR-4b0?start=1&#038;feature=oembed\" frameborder=\"0\" allow=\"accelerometer; autoplay; clipboard-write; encrypted-media; gyroscope; picture-in-picture; web-share\" referrerpolicy=\"strict-origin-when-cross-origin\" allowfullscreen><\/iframe>\n<\/div><\/figure>\n\n\n\n<p class=\"has-text-align-center wp-block-paragraph\" style=\"font-size:42px\">\ud83d\ude44\ud83d\ude2e<\/p>\n\n\n\n<p class=\"has-text-align-left wp-block-paragraph\" style=\"font-size:25px\"><strong>En este video te muestro una de las muchos dise\u00f1os de casas modernas y casas ecol\u00f3gicas que hemos ayudado a dise\u00f1ar con resultados exclusivos. <\/strong><\/p>\n\n\n\n<p class=\"wp-block-paragraph\" style=\"font-size:25px\"><strong>Has encontrado a las personas adecuadas. Somos arquitectos profesionales, experto en Dise\u00f1o y software de dise\u00f1o.&nbsp;&nbsp;<\/strong><\/p>\n\n\n\n<h4 class=\"has-background-color has-text-color has-background wp-block-heading\" id=\"tu-eres-especial-y-cada-caso-es-diferente\" style=\"background-color:#996666;font-size:25px\"><strong>T\u00fa eres especial y cada caso es diferente<\/strong><\/h4>\n\n\n\n<p class=\"has-text-align-left wp-block-paragraph\" style=\"font-size:25px\"><strong><strong>Estamos seguros de que cumpliremos bien con los requisitos de tu dise\u00f1o, pruebe nuestra experiencia de servicio una vez.<\/strong><\/strong><\/p>\n\n\n\n<p class=\"wp-block-paragraph\" style=\"font-size:25px\"><strong>P\u00f3ngase en contacto con nosotros antes de realizar su cita, quiero discutir el dise\u00f1o y el tiempo de finalizaci\u00f3n con anticipaci\u00f3n.\u00a0La atenci\u00f3n individual es muy importante<\/strong><\/p>\n\n\n\n<p class=\"wp-block-paragraph\"><\/p>\n\n\n\n<figure class=\"wp-block-table is-style-stripes\"><table><tbody><tr><td>PLANES<br><br><\/td><td><strong>B\u00c1SICO<\/strong><\/td><td><strong>PLUS<\/strong><\/td><td><strong>PRIMA<\/strong><\/td><\/tr><tr><td><\/td><td>\u25ba Dise\u00f1o personalizado <br>\u25ba Planos de casa arquitect\u00f3nicos <br>\u25ba Tres vistas de tu casa<\/td><td>\u25ba Dise\u00f1o personalizado <br>\u25ba Analisis permisos <br>\u25ba Planos de casa arquitect\u00f3nicos <br>\u25ba Planos para ejecutar construcci\u00f3n <br>\u25ba Cinco vistas de tu casa \u25ba Modelo 3D &nbsp;<\/td><td>\u25ba Dise\u00f1o personalizado <br>\u25ba Analisis permisos <br>\u25ba Planos de casa arquitect\u00f3nicos <br>\u25ba Planos para ejecutar construcci\u00f3n <br>\u25ba Cinco vistas de la casa <br>\u25ba Construcci\u00f3n hasta entrega de llaves &nbsp;<\/td><\/tr><tr><td>Revisiones<\/td><td>Ilimitado<\/td><td>Ilimitado<\/td><td>Ilimitado<\/td><\/tr><tr><td>Tiempo de entrega<\/td><td>2 semana<\/td><td>4 semana<\/td><td>43 semanas<\/td><\/tr><tr><td><strong>Pagos<\/strong><\/td><td><strong>Hasta 3 pagos<\/strong><\/td><td><strong>Hasta 6 pagos<\/strong><\/td><td><strong>Hasta 50 pagos<\/strong><\/td><\/tr><tr><td>Precio Anterior<\/td><td><s>$ 30,499 MXN<\/s><\/td><td><s>$ 71,399 MXN<\/s><\/td><td><s>$ 4,299,000 MXN<\/s><\/td><\/tr><tr><td><strong>Precio<\/strong><\/td><td><strong>&nbsp;25,924 MXN<\/strong><\/td><td><strong>&nbsp;49,979 MXN<\/strong><\/td><td><strong>4,084,050 MXN<\/strong><\/td><\/tr><tr><td>Ahorras<\/td><td>$4,575 (15%)<\/td><td>$21,420 (30%)<\/td><td>$214,950 (5%)<\/td><\/tr><\/tbody><\/table><\/figure>\n\n\n\n<p class=\"has-text-align-center wp-block-paragraph\" style=\"font-size:25px\"><strong>Da click aqui <\/strong><\/p>\n\n\n\n<p class=\"has-text-align-center wp-block-paragraph\" style=\"font-size:25px\"><strong>\ud83d\udc47<\/strong><\/p>\n\n\n\n<div class=\"wp-block-buttons is-horizontal is-content-justification-center is-layout-flex wp-container-core-buttons-is-layout-7d812b4c wp-block-buttons-is-layout-flex\">\n<div class=\"wp-block-button\"><a class=\"wp-block-button__link has-background-color has-text-color has-background\" href=\"https:\/\/form.jotform.com\/hectorsolorzano.mx\/asesora-a-distancia-en-lnea-previa-\" style=\"border-radius:30px;background-color:#996666\" target=\"_blank\" rel=\"noreferrer noopener\">\u00a1QUIERO MI ASESORIA INDIVIDUAL!<\/a><\/div>\n<\/div>\n\n\n\n<div class=\"wp-block-group\"><div class=\"wp-block-group__inner-container is-layout-flow wp-block-group-is-layout-flow\">\n<p class=\"has-text-align-center wp-block-paragraph\" style=\"font-size:25px\"><strong>\u00a1Hay 36 personas interesadas!<br>Contacta al anunciante ahora.<\/strong><\/p>\n\n\n\n<p class=\"has-text-align-center wp-block-paragraph\" style=\"font-size:25px\"><strong>Mensajes r\u00e1pidos&nbsp;<\/strong><\/p>\n\n\n\n<div class=\"wp-block-buttons is-horizontal is-content-justification-center is-layout-flex wp-container-core-buttons-is-layout-7d812b4c wp-block-buttons-is-layout-flex\">\n<div class=\"wp-block-button\"><a class=\"wp-block-button__link has-background\" href=\"https:\/\/api.whatsapp.com\/send?phone=+523311662682&amp;text=%C2%A1Hola!%20Me%20interesa%20mi%20casa%20moderna%20y%20el%20libro%20gratis%20%C2%BFSigue%20disponible?\" style=\"border-radius:50px;background-color:#00cc66\" target=\"_blank\" rel=\"noreferrer noopener\">\u00a1Escr\u00edbenos&nbsp;por WhatsApp ahora!&nbsp;<\/a><\/div>\n<\/div>\n<\/div><\/div>\n\n\n\n<p class=\"has-text-align-center has-small-font-size wp-block-paragraph\">&nbsp;<\/p>\n\n\n\n<div class=\"wp-block-group alignfull frase-plano has-background-color has-text-color has-background\" style=\"background-color:#565656\"><div class=\"wp-block-group__inner-container is-layout-flow wp-block-group-is-layout-flow\">\n<h1 class=\"has-text-align-left has-larger-font-size wp-block-heading\" id=\"como-te-ayudamos-a-producir-los-planos-de-tu-casa-con-disenos-modernos-y-ecologicos\"><strong>\u00bfComo te ayudamos a producir los planos de tu casa con dise\u00f1os modernos y ecol\u00f3gicos?<\/strong>&nbsp;<\/h1>\n\n\n\n<p class=\"wp-block-paragraph\" style=\"font-size:30px\"><strong>F\u00e1cil \ud83d\ude03<\/strong><\/p>\n\n\n\n<p class=\"wp-block-paragraph\">1<strong>&#8211; Con una Duraci\u00f3n de 30-40 min te ayudamos aterrizar tus sue\u00f1os con dibujos y ideas incre\u00edbles en l\u00ednea o presencial<\/strong><\/p>\n\n\n\n<p class=\"wp-block-paragraph\"><strong>2- Aqu\u00ed me&nbsp;podr\u00e1s&nbsp;platicar todos tus problemas y te ayudamos a cuidar tu presupuesto. Ponle un precio adecuado<\/strong><\/p>\n\n\n\n<p class=\"wp-block-paragraph\"><strong>3- Adem\u00e1s te damos datos valiosos sobre un buen dise\u00f1o moderno y ecologico (orientaci\u00f3n, plusval<\/strong>\u00ed<strong>a, necesidades b\u00e1sicas)&nbsp;<\/strong><\/p>\n<\/div><\/div>\n","protected":false},"excerpt":{"rendered":"<p>\u00a1Mejores Dise\u00f1os para tu Casa Moderna y ecol\u00f3gica a tu Medida! \u00bfDeseas tener una atenci\u00f3n individual? Bienvenido, buscas un modelo arquitect\u00f3nico, dise\u00f1o de interiores, planos de casa, remodelaciones o recorrido en video \u2026 \ud83d\ude44\ud83d\ude2e En este video te muestro una de las muchos dise\u00f1os de casas modernas y casas ecol\u00f3gicas que hemos ayudado a dise\u00f1ar [&hellip;]<\/p>\n","protected":false},"author":3,"featured_media":187,"parent":0,"menu_order":0,"comment_status":"closed","ping_status":"closed","template":"","meta":{"_crdt_document":"","footnotes":""},"class_list":["post-166","page","type-page","status-publish","has-post-thumbnail","hentry"],"yoast_head":"<!-- This site is optimized with the Yoast SEO plugin v27.6 - https:\/\/yoast.com\/product\/yoast-seo-wordpress\/ -->\n<title>\u25b7 Dise\u00f1o de Casas Modernas con Planos en Guadalajara - HERMA Arquitectos<\/title>\n<meta name=\"description\" content=\"\u00a1Mejores Dise\u00f1os para tu Casa Moderna y ecol\u00f3gica a tu Medida! \u00bfDeseas tener una atenci\u00f3n individual? Bienvenido, buscas un modelo arquitect\u00f3nico, dise\u00f1o\" \/>\n<meta name=\"robots\" content=\"index, follow, max-snippet:-1, max-image-preview:large, max-video-preview:-1\" \/>\n<link rel=\"canonical\" href=\"https:\/\/arquitecturasolorzano.mx\/servicios\/planos-de-casas-constructoras-en-guadalajara\/\" \/>\n<meta property=\"og:locale\" content=\"es_ES\" \/>\n<meta property=\"og:type\" content=\"article\" \/>\n<meta property=\"og:title\" content=\"Dise\u00f1o de Casas Modernas con Planos en Guadalajara - HERMA Arquitectos\" \/>\n<meta property=\"og:description\" content=\"\u00a1Mejores Dise\u00f1os para tu Casa Moderna y ecol\u00f3gica a tu Medida! \u00bfDeseas tener una atenci\u00f3n individual? Bienvenido, buscas un modelo arquitect\u00f3nico, dise\u00f1o\" \/>\n<meta property=\"og:url\" content=\"https:\/\/arquitecturasolorzano.mx\/servicios\/planos-de-casas-constructoras-en-guadalajara\/\" \/>\n<meta property=\"og:site_name\" content=\"Planos\" \/>\n<meta property=\"article:modified_time\" content=\"2021-11-22T21:00:07+00:00\" \/>\n<meta property=\"og:image\" content=\"https:\/\/arquitecturasolorzano.mx\/servicios\/wp-content\/uploads\/2020\/07\/Anotaci\u00f3n-2020-06-22-2335571.jpg\" \/>\n\t<meta property=\"og:image:width\" content=\"1906\" \/>\n\t<meta property=\"og:image:height\" content=\"1907\" \/>\n\t<meta property=\"og:image:type\" content=\"image\/jpeg\" \/>\n<meta name=\"twitter:card\" content=\"summary_large_image\" \/>\n<meta name=\"twitter:label1\" content=\"Tiempo de lectura\" \/>\n\t<meta name=\"twitter:data1\" content=\"2 minutos\" \/>\n<script type=\"application\/ld+json\" class=\"yoast-schema-graph\">{\"@context\":\"https:\\\/\\\/schema.org\",\"@graph\":[{\"@type\":\"WebPage\",\"@id\":\"https:\\\/\\\/arquitecturasolorzano.mx\\\/servicios\\\/planos-de-casas-constructoras-en-guadalajara\\\/\",\"url\":\"https:\\\/\\\/arquitecturasolorzano.mx\\\/servicios\\\/planos-de-casas-constructoras-en-guadalajara\\\/\",\"name\":\"\u25b7 Dise\u00f1o de Casas Modernas con Planos en Guadalajara - HERMA Arquitectos\",\"isPartOf\":{\"@id\":\"https:\\\/\\\/arquitecturasolorzano.mx\\\/servicios\\\/#website\"},\"primaryImageOfPage\":{\"@id\":\"https:\\\/\\\/arquitecturasolorzano.mx\\\/servicios\\\/planos-de-casas-constructoras-en-guadalajara\\\/#primaryimage\"},\"image\":{\"@id\":\"https:\\\/\\\/arquitecturasolorzano.mx\\\/servicios\\\/planos-de-casas-constructoras-en-guadalajara\\\/#primaryimage\"},\"thumbnailUrl\":\"https:\\\/\\\/arquitecturasolorzano.mx\\\/servicios\\\/wp-content\\\/uploads\\\/2020\\\/07\\\/Anotaci\u00f3n-2020-06-22-2335571.jpg\",\"datePublished\":\"2020-07-26T21:57:53+00:00\",\"dateModified\":\"2021-11-22T21:00:07+00:00\",\"description\":\"\u00a1Mejores Dise\u00f1os para tu Casa Moderna y ecol\u00f3gica a tu Medida! \u00bfDeseas tener una atenci\u00f3n individual? Bienvenido, buscas un modelo arquitect\u00f3nico, dise\u00f1o\",\"breadcrumb\":{\"@id\":\"https:\\\/\\\/arquitecturasolorzano.mx\\\/servicios\\\/planos-de-casas-constructoras-en-guadalajara\\\/#breadcrumb\"},\"inLanguage\":\"es\",\"potentialAction\":[{\"@type\":\"ReadAction\",\"target\":[\"https:\\\/\\\/arquitecturasolorzano.mx\\\/servicios\\\/planos-de-casas-constructoras-en-guadalajara\\\/\"]}]},{\"@type\":\"ImageObject\",\"inLanguage\":\"es\",\"@id\":\"https:\\\/\\\/arquitecturasolorzano.mx\\\/servicios\\\/planos-de-casas-constructoras-en-guadalajara\\\/#primaryimage\",\"url\":\"https:\\\/\\\/arquitecturasolorzano.mx\\\/servicios\\\/wp-content\\\/uploads\\\/2020\\\/07\\\/Anotaci\u00f3n-2020-06-22-2335571.jpg\",\"contentUrl\":\"https:\\\/\\\/arquitecturasolorzano.mx\\\/servicios\\\/wp-content\\\/uploads\\\/2020\\\/07\\\/Anotaci\u00f3n-2020-06-22-2335571.jpg\",\"width\":1906,\"height\":1907,\"caption\":\"portada de secretos del dise\u00f1o de interiores\"},{\"@type\":\"BreadcrumbList\",\"@id\":\"https:\\\/\\\/arquitecturasolorzano.mx\\\/servicios\\\/planos-de-casas-constructoras-en-guadalajara\\\/#breadcrumb\",\"itemListElement\":[{\"@type\":\"ListItem\",\"position\":1,\"name\":\"Portada\",\"item\":\"https:\\\/\\\/arquitecturasolorzano.mx\\\/servicios\\\/\"},{\"@type\":\"ListItem\",\"position\":2,\"name\":\"Dise\u00f1o de Casas Modernas con Planos en Guadalajara\"}]},{\"@type\":\"WebSite\",\"@id\":\"https:\\\/\\\/arquitecturasolorzano.mx\\\/servicios\\\/#website\",\"url\":\"https:\\\/\\\/arquitecturasolorzano.mx\\\/servicios\\\/\",\"name\":\"Planos\",\"description\":\"Los planos que hab\u00edas estando esperando\",\"potentialAction\":[{\"@type\":\"SearchAction\",\"target\":{\"@type\":\"EntryPoint\",\"urlTemplate\":\"https:\\\/\\\/arquitecturasolorzano.mx\\\/servicios\\\/?s={search_term_string}\"},\"query-input\":{\"@type\":\"PropertyValueSpecification\",\"valueRequired\":true,\"valueName\":\"search_term_string\"}}],\"inLanguage\":\"es\"}]}<\/script>\n<!-- \/ Yoast SEO plugin. -->","yoast_head_json":{"title":"\u25b7 Dise\u00f1o de Casas Modernas con Planos en Guadalajara - HERMA Arquitectos","description":"\u00a1Mejores Dise\u00f1os para tu Casa Moderna y ecol\u00f3gica a tu Medida! \u00bfDeseas tener una atenci\u00f3n individual? Bienvenido, buscas un modelo arquitect\u00f3nico, dise\u00f1o","robots":{"index":"index","follow":"follow","max-snippet":"max-snippet:-1","max-image-preview":"max-image-preview:large","max-video-preview":"max-video-preview:-1"},"canonical":"https:\/\/arquitecturasolorzano.mx\/servicios\/planos-de-casas-constructoras-en-guadalajara\/","og_locale":"es_ES","og_type":"article","og_title":"Dise\u00f1o de Casas Modernas con Planos en Guadalajara - HERMA Arquitectos","og_description":"\u00a1Mejores Dise\u00f1os para tu Casa Moderna y ecol\u00f3gica a tu Medida! \u00bfDeseas tener una atenci\u00f3n individual? Bienvenido, buscas un modelo arquitect\u00f3nico, dise\u00f1o","og_url":"https:\/\/arquitecturasolorzano.mx\/servicios\/planos-de-casas-constructoras-en-guadalajara\/","og_site_name":"Planos","article_modified_time":"2021-11-22T21:00:07+00:00","og_image":[{"width":1906,"height":1907,"url":"https:\/\/arquitecturasolorzano.mx\/servicios\/wp-content\/uploads\/2020\/07\/Anotaci\u00f3n-2020-06-22-2335571.jpg","type":"image\/jpeg"}],"twitter_card":"summary_large_image","twitter_misc":{"Tiempo de lectura":"2 minutos"},"schema":{"@context":"https:\/\/schema.org","@graph":[{"@type":"WebPage","@id":"https:\/\/arquitecturasolorzano.mx\/servicios\/planos-de-casas-constructoras-en-guadalajara\/","url":"https:\/\/arquitecturasolorzano.mx\/servicios\/planos-de-casas-constructoras-en-guadalajara\/","name":"\u25b7 Dise\u00f1o de Casas Modernas con Planos en Guadalajara - HERMA Arquitectos","isPartOf":{"@id":"https:\/\/arquitecturasolorzano.mx\/servicios\/#website"},"primaryImageOfPage":{"@id":"https:\/\/arquitecturasolorzano.mx\/servicios\/planos-de-casas-constructoras-en-guadalajara\/#primaryimage"},"image":{"@id":"https:\/\/arquitecturasolorzano.mx\/servicios\/planos-de-casas-constructoras-en-guadalajara\/#primaryimage"},"thumbnailUrl":"https:\/\/arquitecturasolorzano.mx\/servicios\/wp-content\/uploads\/2020\/07\/Anotaci\u00f3n-2020-06-22-2335571.jpg","datePublished":"2020-07-26T21:57:53+00:00","dateModified":"2021-11-22T21:00:07+00:00","description":"\u00a1Mejores Dise\u00f1os para tu Casa Moderna y ecol\u00f3gica a tu Medida! \u00bfDeseas tener una atenci\u00f3n individual? Bienvenido, buscas un modelo arquitect\u00f3nico, dise\u00f1o","breadcrumb":{"@id":"https:\/\/arquitecturasolorzano.mx\/servicios\/planos-de-casas-constructoras-en-guadalajara\/#breadcrumb"},"inLanguage":"es","potentialAction":[{"@type":"ReadAction","target":["https:\/\/arquitecturasolorzano.mx\/servicios\/planos-de-casas-constructoras-en-guadalajara\/"]}]},{"@type":"ImageObject","inLanguage":"es","@id":"https:\/\/arquitecturasolorzano.mx\/servicios\/planos-de-casas-constructoras-en-guadalajara\/#primaryimage","url":"https:\/\/arquitecturasolorzano.mx\/servicios\/wp-content\/uploads\/2020\/07\/Anotaci\u00f3n-2020-06-22-2335571.jpg","contentUrl":"https:\/\/arquitecturasolorzano.mx\/servicios\/wp-content\/uploads\/2020\/07\/Anotaci\u00f3n-2020-06-22-2335571.jpg","width":1906,"height":1907,"caption":"portada de secretos del dise\u00f1o de interiores"},{"@type":"BreadcrumbList","@id":"https:\/\/arquitecturasolorzano.mx\/servicios\/planos-de-casas-constructoras-en-guadalajara\/#breadcrumb","itemListElement":[{"@type":"ListItem","position":1,"name":"Portada","item":"https:\/\/arquitecturasolorzano.mx\/servicios\/"},{"@type":"ListItem","position":2,"name":"Dise\u00f1o de Casas Modernas con Planos en Guadalajara"}]},{"@type":"WebSite","@id":"https:\/\/arquitecturasolorzano.mx\/servicios\/#website","url":"https:\/\/arquitecturasolorzano.mx\/servicios\/","name":"Planos","description":"Los planos que hab\u00edas estando esperando","potentialAction":[{"@type":"SearchAction","target":{"@type":"EntryPoint","urlTemplate":"https:\/\/arquitecturasolorzano.mx\/servicios\/?s={search_term_string}"},"query-input":{"@type":"PropertyValueSpecification","valueRequired":true,"valueName":"search_term_string"}}],"inLanguage":"es"}]}},"_links":{"self":[{"href":"https:\/\/arquitecturasolorzano.mx\/servicios\/wp-json\/wp\/v2\/pages\/166","targetHints":{"allow":["GET"]}}],"collection":[{"href":"https:\/\/arquitecturasolorzano.mx\/servicios\/wp-json\/wp\/v2\/pages"}],"about":[{"href":"https:\/\/arquitecturasolorzano.mx\/servicios\/wp-json\/wp\/v2\/types\/page"}],"author":[{"embeddable":true,"href":"https:\/\/arquitecturasolorzano.mx\/servicios\/wp-json\/wp\/v2\/users\/3"}],"replies":[{"embeddable":true,"href":"https:\/\/arquitecturasolorzano.mx\/servicios\/wp-json\/wp\/v2\/comments?post=166"}],"version-history":[{"count":3,"href":"https:\/\/arquitecturasolorzano.mx\/servicios\/wp-json\/wp\/v2\/pages\/166\/revisions"}],"predecessor-version":[{"id":418,"href":"https:\/\/arquitecturasolorzano.mx\/servicios\/wp-json\/wp\/v2\/pages\/166\/revisions\/418"}],"wp:featuredmedia":[{"embeddable":true,"href":"https:\/\/arquitecturasolorzano.mx\/servicios\/wp-json\/wp\/v2\/media\/187"}],"wp:attachment":[{"href":"https:\/\/arquitecturasolorzano.mx\/servicios\/wp-json\/wp\/v2\/media?parent=166"}],"curies":[{"name":"wp","href":"https:\/\/api.w.org\/{rel}","templated":true}]}}